{"id":29471,"date":"2019-08-23T15:30:59","date_gmt":"2019-08-23T15:30:59","guid":{"rendered":"https:\/\/powerstoptsg.wpengine.com\/?page_id=29471"},"modified":"2023-06-06T15:27:34","modified_gmt":"2023-06-06T20:27:34","slug":"where-to-buy","status":"publish","type":"page","link":"https:\/\/www.powerstop.com\/es\/where-to-buy\/","title":{"rendered":"D\u00f3nde comprar"},"content":{"rendered":"","protected":false},"excerpt":{"rendered":"","protected":false},"author":2,"featured_media":0,"parent":0,"menu_order":0,"comment_status":"closed","ping_status":"closed","template":"page-where-to-buy.php","meta":{"footnotes":""},"class_list":["post-29471","page","type-page","status-publish","hentry"],"acf":[],"yoast_head":"<!-- This site is optimized with the Yoast SEO plugin v17.0 - https:\/\/yoast.com\/wordpress\/plugins\/seo\/ -->\n<title>D\u00f3nde comprar - Power Stop<\/title>\n<meta name=\"description\" content=\"Conozca d\u00f3nde puede comprar frenos PowerStop para su veh\u00edculo. \u00bfTengo una pregunta? \u00a1Power Stop puede ayudar!\" \/>\n<meta name=\"robots\" content=\"index, follow, max-snippet:-1, max-image-preview:large, max-video-preview:-1\" \/>\n<link rel=\"canonical\" href=\"https:\/\/www.powerstop.com\/es\/where-to-buy\/\" \/>\n<meta property=\"og:locale\" content=\"en_US\" \/>\n<meta property=\"og:type\" content=\"article\" \/>\n<meta property=\"og:title\" content=\"D\u00f3nde comprar - Power Stop\" \/>\n<meta property=\"og:description\" content=\"Conozca d\u00f3nde puede comprar frenos PowerStop para su veh\u00edculo. \u00bfTengo una pregunta? \u00a1Power Stop puede ayudar!\" \/>\n<meta property=\"og:url\" content=\"https:\/\/www.powerstop.com\/es\/where-to-buy\/\" \/>\n<meta property=\"og:site_name\" content=\"Power Stop\" \/>\n<meta property=\"article:modified_time\" content=\"2023-06-06T20:27:34+00:00\" \/>\n<meta name=\"twitter:card\" content=\"summary_large_image\" \/>\n<script type=\"application\/ld+json\" class=\"yoast-schema-graph\">{\"@context\":\"https:\/\/schema.org\",\"@graph\":[{\"@type\":\"WebSite\",\"@id\":\"https:\/\/www.powerstop.com\/es\/#website\",\"url\":\"https:\/\/www.powerstop.com\/es\/\",\"name\":\"Power Stop\",\"description\":\"\",\"potentialAction\":[{\"@type\":\"SearchAction\",\"target\":{\"@type\":\"EntryPoint\",\"urlTemplate\":\"https:\/\/www.powerstop.com\/es\/?s={search_term_string}\"},\"query-input\":\"required name=search_term_string\"}],\"inLanguage\":\"en-US\"},{\"@type\":\"WebPage\",\"@id\":\"https:\/\/www.powerstop.com\/es\/where-to-buy\/#webpage\",\"url\":\"https:\/\/www.powerstop.com\/es\/where-to-buy\/\",\"name\":\"D\\u00f3nde comprar - Power Stop\",\"isPartOf\":{\"@id\":\"https:\/\/www.powerstop.com\/es\/#website\"},\"datePublished\":\"2019-08-23T15:30:59+00:00\",\"dateModified\":\"2023-06-06T20:27:34+00:00\",\"description\":\"Conozca d\\u00f3nde puede comprar frenos PowerStop para su veh\\u00edculo. \\u00bfTengo una pregunta? \\u00a1Power Stop puede ayudar!\",\"breadcrumb\":{\"@id\":\"https:\/\/www.powerstop.com\/es\/where-to-buy\/#breadcrumb\"},\"inLanguage\":\"en-US\",\"potentialAction\":[{\"@type\":\"ReadAction\",\"target\":[\"https:\/\/www.powerstop.com\/es\/where-to-buy\/\"]}]},{\"@type\":\"BreadcrumbList\",\"@id\":\"https:\/\/www.powerstop.com\/es\/where-to-buy\/#breadcrumb\",\"itemListElement\":[{\"@type\":\"ListItem\",\"position\":1,\"name\":\"Home\",\"item\":\"https:\/\/www.powerstop.com\/es\/\"},{\"@type\":\"ListItem\",\"position\":2,\"name\":\"D\\u00f3nde comprar\"}]}]}<\/script>\n<!-- \/ Yoast SEO plugin. -->","yoast_head_json":{"title":"D\u00f3nde comprar - Power Stop","description":"Conozca d\u00f3nde puede comprar frenos PowerStop para su veh\u00edculo. \u00bfTengo una pregunta? \u00a1Power Stop puede ayudar!","robots":{"index":"index","follow":"follow","max-snippet":"max-snippet:-1","max-image-preview":"max-image-preview:large","max-video-preview":"max-video-preview:-1"},"canonical":"https:\/\/www.powerstop.com\/es\/where-to-buy\/","og_locale":"en_US","og_type":"article","og_title":"D\u00f3nde comprar - Power Stop","og_description":"Conozca d\u00f3nde puede comprar frenos PowerStop para su veh\u00edculo. \u00bfTengo una pregunta? \u00a1Power Stop puede ayudar!","og_url":"https:\/\/www.powerstop.com\/es\/where-to-buy\/","og_site_name":"Power Stop","article_modified_time":"2023-06-06T20:27:34+00:00","twitter_card":"summary_large_image","schema":{"@context":"https:\/\/schema.org","@graph":[{"@type":"WebSite","@id":"https:\/\/www.powerstop.com\/es\/#website","url":"https:\/\/www.powerstop.com\/es\/","name":"Power Stop","description":"","potentialAction":[{"@type":"SearchAction","target":{"@type":"EntryPoint","urlTemplate":"https:\/\/www.powerstop.com\/es\/?s={search_term_string}"},"query-input":"required name=search_term_string"}],"inLanguage":"en-US"},{"@type":"WebPage","@id":"https:\/\/www.powerstop.com\/es\/where-to-buy\/#webpage","url":"https:\/\/www.powerstop.com\/es\/where-to-buy\/","name":"D\u00f3nde comprar - Power Stop","isPartOf":{"@id":"https:\/\/www.powerstop.com\/es\/#website"},"datePublished":"2019-08-23T15:30:59+00:00","dateModified":"2023-06-06T20:27:34+00:00","description":"Conozca d\u00f3nde puede comprar frenos PowerStop para su veh\u00edculo. \u00bfTengo una pregunta? \u00a1Power Stop puede ayudar!","breadcrumb":{"@id":"https:\/\/www.powerstop.com\/es\/where-to-buy\/#breadcrumb"},"inLanguage":"en-US","potentialAction":[{"@type":"ReadAction","target":["https:\/\/www.powerstop.com\/es\/where-to-buy\/"]}]},{"@type":"BreadcrumbList","@id":"https:\/\/www.powerstop.com\/es\/where-to-buy\/#breadcrumb","itemListElement":[{"@type":"ListItem","position":1,"name":"Home","item":"https:\/\/www.powerstop.com\/es\/"},{"@type":"ListItem","position":2,"name":"D\u00f3nde comprar"}]}]}},"_links":{"self":[{"href":"https:\/\/www.powerstop.com\/es\/wp-json\/wp\/v2\/pages\/29471","targetHints":{"allow":["GET"]}}],"collection":[{"href":"https:\/\/www.powerstop.com\/es\/wp-json\/wp\/v2\/pages"}],"about":[{"href":"https:\/\/www.powerstop.com\/es\/wp-json\/wp\/v2\/types\/page"}],"author":[{"embeddable":true,"href":"https:\/\/www.powerstop.com\/es\/wp-json\/wp\/v2\/users\/2"}],"replies":[{"embeddable":true,"href":"https:\/\/www.powerstop.com\/es\/wp-json\/wp\/v2\/comments?post=29471"}],"version-history":[{"count":0,"href":"https:\/\/www.powerstop.com\/es\/wp-json\/wp\/v2\/pages\/29471\/revisions"}],"wp:attachment":[{"href":"https:\/\/www.powerstop.com\/es\/wp-json\/wp\/v2\/media?parent=29471"}],"curies":[{"name":"wp","href":"https:\/\/api.w.org\/{rel}","templated":true}]}}