{"id":29474,"date":"2019-08-23T20:38:24","date_gmt":"2019-08-23T20:38:24","guid":{"rendered":"https:\/\/powerstoptsg.wpengine.com\/?page_id=29474"},"modified":"2021-06-30T16:00:16","modified_gmt":"2021-06-30T21:00:16","slug":"warranty","status":"publish","type":"page","link":"https:\/\/www.powerstop.com\/es\/warranty\/","title":{"rendered":"Garant\u00eda"},"content":{"rendered":"\n<p>Garant\u00eda limitada de PowerStop, LLC<\/p>\n\n\n\n<p>LOS DISCOS Y PASTILLAS POWERSTOP EST\u00c1N DISE\u00d1ADOS PARA SER USADOS \u00daNICAMENTE EN CALLES Y CON FINES RECREATIVOS DE TODOTERRENO. NO EST\u00c1N DISE\u00d1ADOS NI APROBADOS PARA CARRERAS TODOTERRENO O CONDUCCI\u00d3N COMPETITIVA. LAS FALLAS EN LOS COMPONENTES USADOS PARA CUALQUIER TIPO DE CARRERAS NO EST\u00c1N CUBIERTAS POR LA GARANT\u00cdA.<\/p>\n\n\n\n<p>KITS DE FRENOS POWERSTOP (KITS DE RENDIMIENTOS Z16, Z23, Z26, Z36 Y Z37, SIN INCLUIR LOS KITS CON MORDAZAS), COMPRADOS E INSTALADOS COMO KIT.<\/p>\n\n\n\n<p>Si un cliente no est\u00e1 satisfecho con la calidad y el rendimiento de un kit, por cualquier motivo, dentro de los 60 d\u00edas desde la fecha de la factura o la fecha de instalaci\u00f3n por parte de un t\u00e9cnico profesional (se requiere la factura del taller de instalaci\u00f3n), y si se implement\u00f3 el procedimiento frenado, PowerStop LLC realizar\u00e1 un \u00fanico intercambio del kit por uno nuevo. Esta garant\u00eda de 60 d\u00edas sin preguntas debe ser facilitada por el vendedor minorista autorizado de PowerStop.<br><br>PowerStop LLC garantiza que este producto no tiene defectos ni mano de obra defectuosa durante 3 a\u00f1os desde la fecha de compra o por 36,000 millas de uso, lo que ocurra primero. El producto, si se instala adecuadamente en el tipo de veh\u00edculo previsto, y en el cual se encuentre un defecto de mano de obra o en los materiales, ser\u00e1 cambiado sin cargo, si se le devuelve al vendedor autorizado para otorgar esta garant\u00eda. PowerStop LLC no es responsable de sus productos cuando son sometidos a uso indebido, abuso, aplicaci\u00f3n inadecuada, instalaci\u00f3n inadecuada o accidente. Esta garant\u00eda incluye el agrietamiento del disco. Esta garant\u00eda de 3 a\u00f1os\/36,000 millas no incluye las fallas en los componentes a causa de una variaci\u00f3n en el grosor del disco (DTV*); por lo general, indicada por la pulsaci\u00f3n del freno. El desgaste normal no est\u00e1 cubierto por esta garant\u00eda.<\/p>\n\n\n\n<p>KITS DE FRENOS POWERSTOP CON MORDAZAS (KITS KCL CON PASTILLAS Z16, Z23, Z26, Z36 O Z37), COMPRADOS E INSTALADOS COMO KIT:<br><br>Si un cliente no est\u00e1 satisfecho con la calidad y el rendimiento de un kit, por cualquier motivo, dentro de los 60 d\u00edas desde la fecha de la factura o la fecha de instalaci\u00f3n por parte de un t\u00e9cnico profesional (se requiere la factura del taller de instalaci\u00f3n), y si se implement\u00f3 el procedimiento de frenado, PowerStop LLC realizar\u00e1 un \u00fanico intercambio del kit por uno nuevo. Esta garant\u00eda de 60 d\u00edas sin preguntas debe ser facilitada por el vendedor minorista autorizado de PowerStop.<\/p>\n\n\n\n<p>PowerStop LLC garantiza que este producto no tiene defectos ni mano de obra defectuosa durante 3 a\u00f1os desde la fecha de compra o por 36,000 millas de uso, lo que ocurra primero. El producto, si se instala adecuadamente en el tipo de veh\u00edculo previsto, y en el cual se encuentre un defecto de mano de obra y en los materiales, ser\u00e1 cambiado sin cargo, si se le devuelve al vendedor autorizado para otorgar esta garant\u00eda. PowerStop LLC no es responsable de sus productos cuando son sometidos a uso indebido, abuso, aplicaci\u00f3n inadecuada, instalaci\u00f3n inadecuada o accidente. Esta garant\u00eda incluye el agrietamiento del disco. El desgaste normal no est\u00e1 cubierto por esta garant\u00eda. Las fallas en los componentes a causa del uso de l\u00edquido para frenos de silicona DOT 5 no aprobado, no se encuentran cubiertas por esta garant\u00eda. Esta garant\u00eda tambi\u00e9n excluye agujeros hechos con tornillos de purga y pernos banjo a causa de ajuste excesivo. Esta garant\u00eda de 3 a\u00f1os\/36,000 millas no incluye las fallas en los componentes a causa de una variaci\u00f3n en el grosor del disco (DTV*); por lo general, indicada por la pulsaci\u00f3n del freno.<\/p>\n\n\n\n<p>KITS DE FRENO DE REPUESTO DE EQUIPO ORIGINAL AUTOSPECIALTY POWERSTOP (KITS KOE), COMPRADOS E INSTALADOS COMO KIT:<br>PowerStop LLC garantiza que este producto no tiene defectos ni mano de obra defectuosa durante 90 d\u00edas desde la fecha de compra o por 3,000 millas de uso, lo que ocurra primero. El producto, si se instala adecuadamente en el tipo de veh\u00edculo previsto, y en el cual se encuentre un defecto en los materiales o de mano de obra, ser\u00e1 cambiado sin cargo, si se lo devuelve al vendedor autorizado para ejecutar esta garant\u00eda. PowerStop LLC no es responsable de sus productos cuando son sometidos a uso indebido, abuso, aplicaci\u00f3n inadecuada, instalaci\u00f3n inadecuada o accidente. Esta garant\u00eda de 90 d\u00edas\/3,000 millas no incluye las fallas de componentes a causa de una variaci\u00f3n en el grosor del disco (DTV*), por lo general, indicada por la pulsaci\u00f3n del freno. El desgaste normal no est\u00e1 cubierto por esta garant\u00eda.<\/p>\n\n\n\n<p>ROTORES O PASTILLAS POWERSTOP QUE SE COMPRADAN POR SEPARADO:<br>PowerStop LLC garantiza que sus rotores y pastillas no tienen defectos en los materiales ni mano de obra defectuosa durante 30 d\u00edas desde la fecha de compra o por 500 millas de uso, lo que ocurra primero. El producto, si se instala adecuadamente en el tipo de veh\u00edculo previsto, y en el cual se encuentre un defecto en los materiales o de mano de obra, ser\u00e1 cambiado sin cargo, si se lo devuelve al vendedor autorizado para ejecutar esta garant\u00eda. PowerStop LLC no es responsable de sus productos cuando son sometidos a uso indebido, abuso, aplicaci\u00f3n inadecuada, instalaci\u00f3n inadecuada o accidente. Esta garant\u00eda de 30 d\u00edas\/500 millas no incluye las fallas de componentes a causa de una variaci\u00f3n en el grosor del disco (DTV*), por lo general, indicada por la pulsaci\u00f3n del freno. El desgaste normal no est\u00e1 cubierto por esta garant\u00eda.<\/p>\n\n\n\n<p>DISPOSICIONES GENERALES:<br>PowerStop LLC garantiza que sus rotores y pastillas no tienen defectos en los materiales ni mano de obra defectuosa durante 30 d\u00edas desde la fecha de compra o por 500 millas de uso, lo que ocurra primero. El producto, si se instala adecuadamente en el tipo de veh\u00edculo previsto, y en el cual se encuentre un defecto en los materiales o de mano de obra, ser\u00e1 cambiado sin cargo, si se lo devuelve al vendedor autorizado para ejecutar esta garant\u00eda. PowerStop LLC no es responsable de sus productos cuando son sometidos a uso indebido, abuso, aplicaci\u00f3n inadecuada, instalaci\u00f3n inadecuada o accidente. Esta garant\u00eda de 30 d\u00edas\/500 millas no incluye las fallas de componentes a causa de una variaci\u00f3n en el grosor del disco (DTV*), por lo general, indicada por la pulsaci\u00f3n del freno. El desgaste normal no est\u00e1 cubierto por esta garant\u00eda.<\/p>\n\n\n\n<p>NINGUNA PERSONA SE ENCUENTRA AUTORIZADA POR POWERSTOP PARA HACER MODIFICACIONES NI ADICIONES A LA GARANT\u00cdA PRECEDENTE.<br>*La principal causa de la variaci\u00f3n del grosor del disco (disc thickness variation, DTV), o \u201cdiscos de freno deformados\u201d, surge de emplear un procedimiento de frenado incorrecto o de ejecutar frenados largos a altas velocidades, sin soltar el pedal de freno de forma adecuada al frenar por completo.<\/p>\n","protected":false},"excerpt":{"rendered":"<p>Garant\u00eda limitada de PowerStop, LLC LOS DISCOS Y PASTILLAS POWERSTOP EST\u00c1N DISE\u00d1ADOS PARA SER USADOS \u00daNICAMENTE EN CALLES Y CON FINES RECREATIVOS DE TODOTERRENO. NO EST\u00c1N DISE\u00d1ADOS NI APROBADOS PARA CARRERAS TODOTERRENO O CONDUCCI\u00d3N COMPETITIVA. LAS FALLAS EN LOS COMPONENTES USADOS PARA CUALQUIER TIPO DE CARRERAS NO EST\u00c1N CUBIERTAS POR LA GARANT\u00cdA. KITS DE FRENOS [&hellip;]<\/p>\n","protected":false},"author":2,"featured_media":0,"parent":0,"menu_order":0,"comment_status":"closed","ping_status":"closed","template":"page-warranty.php","meta":{"footnotes":""},"class_list":["post-29474","page","type-page","status-publish","hentry"],"acf":[],"yoast_head":"<!-- This site is optimized with the Yoast SEO plugin v17.0 - https:\/\/yoast.com\/wordpress\/plugins\/seo\/ -->\n<title>Garant\u00eda - Power Stop<\/title>\n<meta name=\"description\" content=\"Garant\u00eda limitada de PowerStop, LLCLOS DISCOS Y PASTILLAS POWERSTOP EST\u00c1N DISE\u00d1ADOS PARA SER USADOS \u00daNICAMENTE EN CALLES Y CON FINES RECREATIVOS DE TODOTERRENO. NO EST\u00c1N DISE\u00d1ADOS NI APROBADOS PARA CARRERAS TODOTERRENO O CONDUCCI\u00d3N COMPETITIVA. LAS FALLAS EN LOS COMPONENTES USADOS PARA CUALQUIER TIPO DE CARRERAS NO EST\u00c1N CUBIERTAS POR LA GARANT\u00cdA. KITS DE FRENOS POWERSTOP (KITS DE RENDIMIENTO Z16, Z23, Z26, Z36 Y Z37, SIN INCLUIR LOS KITS CON MORDAZAS), COMPRADOS E INSTALADOS COMO KIT.\" \/>\n<meta name=\"robots\" content=\"index, follow, max-snippet:-1, max-image-preview:large, max-video-preview:-1\" \/>\n<link rel=\"canonical\" href=\"https:\/\/www.powerstop.com\/es\/warranty\/\" \/>\n<meta property=\"og:locale\" content=\"en_US\" \/>\n<meta property=\"og:type\" content=\"article\" \/>\n<meta property=\"og:title\" content=\"Garant\u00eda - Power Stop\" \/>\n<meta property=\"og:description\" content=\"Garant\u00eda limitada de PowerStop, LLCLOS DISCOS Y PASTILLAS POWERSTOP EST\u00c1N DISE\u00d1ADOS PARA SER USADOS \u00daNICAMENTE EN CALLES Y CON FINES RECREATIVOS DE TODOTERRENO. NO EST\u00c1N DISE\u00d1ADOS NI APROBADOS PARA CARRERAS TODOTERRENO O CONDUCCI\u00d3N COMPETITIVA. LAS FALLAS EN LOS COMPONENTES USADOS PARA CUALQUIER TIPO DE CARRERAS NO EST\u00c1N CUBIERTAS POR LA GARANT\u00cdA. KITS DE FRENOS POWERSTOP (KITS DE RENDIMIENTO Z16, Z23, Z26, Z36 Y Z37, SIN INCLUIR LOS KITS CON MORDAZAS), COMPRADOS E INSTALADOS COMO KIT.\" \/>\n<meta property=\"og:url\" content=\"https:\/\/www.powerstop.com\/es\/warranty\/\" \/>\n<meta property=\"og:site_name\" content=\"Power Stop\" \/>\n<meta property=\"article:modified_time\" content=\"2021-06-30T21:00:16+00:00\" \/>\n<meta name=\"twitter:card\" content=\"summary_large_image\" \/>\n<meta name=\"twitter:label1\" content=\"Est. reading time\" \/>\n\t<meta name=\"twitter:data1\" content=\"6 minutes\" \/>\n<script type=\"application\/ld+json\" class=\"yoast-schema-graph\">{\"@context\":\"https:\/\/schema.org\",\"@graph\":[{\"@type\":\"WebSite\",\"@id\":\"https:\/\/www.powerstop.com\/es\/#website\",\"url\":\"https:\/\/www.powerstop.com\/es\/\",\"name\":\"Power Stop\",\"description\":\"\",\"potentialAction\":[{\"@type\":\"SearchAction\",\"target\":{\"@type\":\"EntryPoint\",\"urlTemplate\":\"https:\/\/www.powerstop.com\/es\/?s={search_term_string}\"},\"query-input\":\"required name=search_term_string\"}],\"inLanguage\":\"en-US\"},{\"@type\":\"WebPage\",\"@id\":\"https:\/\/www.powerstop.com\/es\/warranty\/#webpage\",\"url\":\"https:\/\/www.powerstop.com\/es\/warranty\/\",\"name\":\"Garant\\u00eda - Power Stop\",\"isPartOf\":{\"@id\":\"https:\/\/www.powerstop.com\/es\/#website\"},\"datePublished\":\"2019-08-23T20:38:24+00:00\",\"dateModified\":\"2021-06-30T21:00:16+00:00\",\"description\":\"Garant\\u00eda limitada de PowerStop, LLCLOS DISCOS Y PASTILLAS POWERSTOP EST\\u00c1N DISE\\u00d1ADOS PARA SER USADOS \\u00daNICAMENTE EN CALLES Y CON FINES RECREATIVOS DE TODOTERRENO. NO EST\\u00c1N DISE\\u00d1ADOS NI APROBADOS PARA CARRERAS TODOTERRENO O CONDUCCI\\u00d3N COMPETITIVA. LAS FALLAS EN LOS COMPONENTES USADOS PARA CUALQUIER TIPO DE CARRERAS NO EST\\u00c1N CUBIERTAS POR LA GARANT\\u00cdA. KITS DE FRENOS POWERSTOP (KITS DE RENDIMIENTO Z16, Z23, Z26, Z36 Y Z37, SIN INCLUIR LOS KITS CON MORDAZAS), COMPRADOS E INSTALADOS COMO KIT.\",\"breadcrumb\":{\"@id\":\"https:\/\/www.powerstop.com\/es\/warranty\/#breadcrumb\"},\"inLanguage\":\"en-US\",\"potentialAction\":[{\"@type\":\"ReadAction\",\"target\":[\"https:\/\/www.powerstop.com\/es\/warranty\/\"]}]},{\"@type\":\"BreadcrumbList\",\"@id\":\"https:\/\/www.powerstop.com\/es\/warranty\/#breadcrumb\",\"itemListElement\":[{\"@type\":\"ListItem\",\"position\":1,\"name\":\"Home\",\"item\":\"https:\/\/www.powerstop.com\/es\/\"},{\"@type\":\"ListItem\",\"position\":2,\"name\":\"Garant\\u00eda\"}]}]}<\/script>\n<!-- \/ Yoast SEO plugin. -->","yoast_head_json":{"title":"Garant\u00eda - Power Stop","description":"Garant\u00eda limitada de PowerStop, LLCLOS DISCOS Y PASTILLAS POWERSTOP EST\u00c1N DISE\u00d1ADOS PARA SER USADOS \u00daNICAMENTE EN CALLES Y CON FINES RECREATIVOS DE TODOTERRENO. NO EST\u00c1N DISE\u00d1ADOS NI APROBADOS PARA CARRERAS TODOTERRENO O CONDUCCI\u00d3N COMPETITIVA. LAS FALLAS EN LOS COMPONENTES USADOS PARA CUALQUIER TIPO DE CARRERAS NO EST\u00c1N CUBIERTAS POR LA GARANT\u00cdA. KITS DE FRENOS POWERSTOP (KITS DE RENDIMIENTO Z16, Z23, Z26, Z36 Y Z37, SIN INCLUIR LOS KITS CON MORDAZAS), COMPRADOS E INSTALADOS COMO KIT.","robots":{"index":"index","follow":"follow","max-snippet":"max-snippet:-1","max-image-preview":"max-image-preview:large","max-video-preview":"max-video-preview:-1"},"canonical":"https:\/\/www.powerstop.com\/es\/warranty\/","og_locale":"en_US","og_type":"article","og_title":"Garant\u00eda - Power Stop","og_description":"Garant\u00eda limitada de PowerStop, LLCLOS DISCOS Y PASTILLAS POWERSTOP EST\u00c1N DISE\u00d1ADOS PARA SER USADOS \u00daNICAMENTE EN CALLES Y CON FINES RECREATIVOS DE TODOTERRENO. NO EST\u00c1N DISE\u00d1ADOS NI APROBADOS PARA CARRERAS TODOTERRENO O CONDUCCI\u00d3N COMPETITIVA. LAS FALLAS EN LOS COMPONENTES USADOS PARA CUALQUIER TIPO DE CARRERAS NO EST\u00c1N CUBIERTAS POR LA GARANT\u00cdA. KITS DE FRENOS POWERSTOP (KITS DE RENDIMIENTO Z16, Z23, Z26, Z36 Y Z37, SIN INCLUIR LOS KITS CON MORDAZAS), COMPRADOS E INSTALADOS COMO KIT.","og_url":"https:\/\/www.powerstop.com\/es\/warranty\/","og_site_name":"Power Stop","article_modified_time":"2021-06-30T21:00:16+00:00","twitter_card":"summary_large_image","twitter_misc":{"Est. reading time":"6 minutes"},"schema":{"@context":"https:\/\/schema.org","@graph":[{"@type":"WebSite","@id":"https:\/\/www.powerstop.com\/es\/#website","url":"https:\/\/www.powerstop.com\/es\/","name":"Power Stop","description":"","potentialAction":[{"@type":"SearchAction","target":{"@type":"EntryPoint","urlTemplate":"https:\/\/www.powerstop.com\/es\/?s={search_term_string}"},"query-input":"required name=search_term_string"}],"inLanguage":"en-US"},{"@type":"WebPage","@id":"https:\/\/www.powerstop.com\/es\/warranty\/#webpage","url":"https:\/\/www.powerstop.com\/es\/warranty\/","name":"Garant\u00eda - Power Stop","isPartOf":{"@id":"https:\/\/www.powerstop.com\/es\/#website"},"datePublished":"2019-08-23T20:38:24+00:00","dateModified":"2021-06-30T21:00:16+00:00","description":"Garant\u00eda limitada de PowerStop, LLCLOS DISCOS Y PASTILLAS POWERSTOP EST\u00c1N DISE\u00d1ADOS PARA SER USADOS \u00daNICAMENTE EN CALLES Y CON FINES RECREATIVOS DE TODOTERRENO. NO EST\u00c1N DISE\u00d1ADOS NI APROBADOS PARA CARRERAS TODOTERRENO O CONDUCCI\u00d3N COMPETITIVA. LAS FALLAS EN LOS COMPONENTES USADOS PARA CUALQUIER TIPO DE CARRERAS NO EST\u00c1N CUBIERTAS POR LA GARANT\u00cdA. KITS DE FRENOS POWERSTOP (KITS DE RENDIMIENTO Z16, Z23, Z26, Z36 Y Z37, SIN INCLUIR LOS KITS CON MORDAZAS), COMPRADOS E INSTALADOS COMO KIT.","breadcrumb":{"@id":"https:\/\/www.powerstop.com\/es\/warranty\/#breadcrumb"},"inLanguage":"en-US","potentialAction":[{"@type":"ReadAction","target":["https:\/\/www.powerstop.com\/es\/warranty\/"]}]},{"@type":"BreadcrumbList","@id":"https:\/\/www.powerstop.com\/es\/warranty\/#breadcrumb","itemListElement":[{"@type":"ListItem","position":1,"name":"Home","item":"https:\/\/www.powerstop.com\/es\/"},{"@type":"ListItem","position":2,"name":"Garant\u00eda"}]}]}},"_links":{"self":[{"href":"https:\/\/www.powerstop.com\/es\/wp-json\/wp\/v2\/pages\/29474","targetHints":{"allow":["GET"]}}],"collection":[{"href":"https:\/\/www.powerstop.com\/es\/wp-json\/wp\/v2\/pages"}],"about":[{"href":"https:\/\/www.powerstop.com\/es\/wp-json\/wp\/v2\/types\/page"}],"author":[{"embeddable":true,"href":"https:\/\/www.powerstop.com\/es\/wp-json\/wp\/v2\/users\/2"}],"replies":[{"embeddable":true,"href":"https:\/\/www.powerstop.com\/es\/wp-json\/wp\/v2\/comments?post=29474"}],"version-history":[{"count":0,"href":"https:\/\/www.powerstop.com\/es\/wp-json\/wp\/v2\/pages\/29474\/revisions"}],"wp:attachment":[{"href":"https:\/\/www.powerstop.com\/es\/wp-json\/wp\/v2\/media?parent=29474"}],"curies":[{"name":"wp","href":"https:\/\/api.w.org\/{rel}","templated":true}]}}