{"id":21,"date":"2019-06-19T21:45:34","date_gmt":"2019-06-19T21:45:34","guid":{"rendered":"https:\/\/powerstoptsg.wpengine.com\/?post_type=product&#038;p=21"},"modified":"2021-07-01T14:04:42","modified_gmt":"2021-07-01T19:04:42","slug":"power-stop-z23-brake-kit","status":"publish","type":"product","link":"https:\/\/www.powerstop.com\/es\/product\/power-stop-z23-brake-kit\/","title":{"rendered":"KIT"},"template":"","product_type":[3],"class_list":["post-21","product","type-product","status-publish","hentry","product_type-brake-kits"],"acf":[],"yoast_head":"<!-- This site is optimized with the Yoast SEO plugin v17.0 - https:\/\/yoast.com\/wordpress\/plugins\/seo\/ -->\n<title>Mejora para frenos PowerStop Evolution para veh\u00edculos de uso diario | Silenciosa y limpia<\/title>\n<meta name=\"description\" content=\"Kit de mejora para frenos PowerStop Evolution para veh\u00edculos de uso diario. Experimente una potencia de frenado silenciosa, limpia e incre\u00edble, a un precio asequible.\" \/>\n<meta name=\"robots\" content=\"index, follow, max-snippet:-1, max-image-preview:large, max-video-preview:-1\" \/>\n<link rel=\"canonical\" href=\"https:\/\/www.powerstop.com\/es\/product\/power-stop-z23-brake-kit\/\" \/>\n<meta property=\"og:locale\" content=\"en_US\" \/>\n<meta property=\"og:type\" content=\"article\" \/>\n<meta property=\"og:title\" content=\"Mejora para frenos PowerStop Evolution para veh\u00edculos de uso diario | Silenciosa y limpia\" \/>\n<meta property=\"og:description\" content=\"Kit de mejora para frenos PowerStop Evolution para veh\u00edculos de uso diario. Experimente una potencia de frenado silenciosa, limpia e incre\u00edble, a un precio asequible.\" \/>\n<meta property=\"og:url\" content=\"https:\/\/www.powerstop.com\/es\/product\/power-stop-z23-brake-kit\/\" \/>\n<meta property=\"og:site_name\" content=\"Power Stop\" \/>\n<meta property=\"article:modified_time\" content=\"2021-07-01T19:04:42+00:00\" \/>\n<meta name=\"twitter:card\" content=\"summary_large_image\" \/>\n<script type=\"application\/ld+json\" class=\"yoast-schema-graph\">{\"@context\":\"https:\/\/schema.org\",\"@graph\":[{\"@type\":\"WebSite\",\"@id\":\"https:\/\/www.powerstop.com\/es\/#website\",\"url\":\"https:\/\/www.powerstop.com\/es\/\",\"name\":\"Power Stop\",\"description\":\"\",\"potentialAction\":[{\"@type\":\"SearchAction\",\"target\":{\"@type\":\"EntryPoint\",\"urlTemplate\":\"https:\/\/www.powerstop.com\/es\/?s={search_term_string}\"},\"query-input\":\"required name=search_term_string\"}],\"inLanguage\":\"en-US\"},{\"@type\":\"WebPage\",\"@id\":\"https:\/\/www.powerstop.com\/es\/product\/power-stop-z23-brake-kit\/#webpage\",\"url\":\"https:\/\/www.powerstop.com\/es\/product\/power-stop-z23-brake-kit\/\",\"name\":\"Mejora para frenos PowerStop Evolution para veh\\u00edculos de uso diario | Silenciosa y limpia\",\"isPartOf\":{\"@id\":\"https:\/\/www.powerstop.com\/es\/#website\"},\"datePublished\":\"2019-06-19T21:45:34+00:00\",\"dateModified\":\"2021-07-01T19:04:42+00:00\",\"description\":\"Kit de mejora para frenos PowerStop Evolution para veh\\u00edculos de uso diario. Experimente una potencia de frenado silenciosa, limpia e incre\\u00edble, a un precio asequible.\",\"breadcrumb\":{\"@id\":\"https:\/\/www.powerstop.com\/es\/product\/power-stop-z23-brake-kit\/#breadcrumb\"},\"inLanguage\":\"en-US\",\"potentialAction\":[{\"@type\":\"ReadAction\",\"target\":[\"https:\/\/www.powerstop.com\/es\/product\/power-stop-z23-brake-kit\/\"]}]},{\"@type\":\"BreadcrumbList\",\"@id\":\"https:\/\/www.powerstop.com\/es\/product\/power-stop-z23-brake-kit\/#breadcrumb\",\"itemListElement\":[{\"@type\":\"ListItem\",\"position\":1,\"name\":\"Home\",\"item\":\"https:\/\/www.powerstop.com\/es\/\"},{\"@type\":\"ListItem\",\"position\":2,\"name\":\"KIT\"}]}]}<\/script>\n<!-- \/ Yoast SEO plugin. -->","yoast_head_json":{"title":"Mejora para frenos PowerStop Evolution para veh\u00edculos de uso diario | Silenciosa y limpia","description":"Kit de mejora para frenos PowerStop Evolution para veh\u00edculos de uso diario. Experimente una potencia de frenado silenciosa, limpia e incre\u00edble, a un precio asequible.","robots":{"index":"index","follow":"follow","max-snippet":"max-snippet:-1","max-image-preview":"max-image-preview:large","max-video-preview":"max-video-preview:-1"},"canonical":"https:\/\/www.powerstop.com\/es\/product\/power-stop-z23-brake-kit\/","og_locale":"en_US","og_type":"article","og_title":"Mejora para frenos PowerStop Evolution para veh\u00edculos de uso diario | Silenciosa y limpia","og_description":"Kit de mejora para frenos PowerStop Evolution para veh\u00edculos de uso diario. Experimente una potencia de frenado silenciosa, limpia e incre\u00edble, a un precio asequible.","og_url":"https:\/\/www.powerstop.com\/es\/product\/power-stop-z23-brake-kit\/","og_site_name":"Power Stop","article_modified_time":"2021-07-01T19:04:42+00:00","twitter_card":"summary_large_image","schema":{"@context":"https:\/\/schema.org","@graph":[{"@type":"WebSite","@id":"https:\/\/www.powerstop.com\/es\/#website","url":"https:\/\/www.powerstop.com\/es\/","name":"Power Stop","description":"","potentialAction":[{"@type":"SearchAction","target":{"@type":"EntryPoint","urlTemplate":"https:\/\/www.powerstop.com\/es\/?s={search_term_string}"},"query-input":"required name=search_term_string"}],"inLanguage":"en-US"},{"@type":"WebPage","@id":"https:\/\/www.powerstop.com\/es\/product\/power-stop-z23-brake-kit\/#webpage","url":"https:\/\/www.powerstop.com\/es\/product\/power-stop-z23-brake-kit\/","name":"Mejora para frenos PowerStop Evolution para veh\u00edculos de uso diario | Silenciosa y limpia","isPartOf":{"@id":"https:\/\/www.powerstop.com\/es\/#website"},"datePublished":"2019-06-19T21:45:34+00:00","dateModified":"2021-07-01T19:04:42+00:00","description":"Kit de mejora para frenos PowerStop Evolution para veh\u00edculos de uso diario. Experimente una potencia de frenado silenciosa, limpia e incre\u00edble, a un precio asequible.","breadcrumb":{"@id":"https:\/\/www.powerstop.com\/es\/product\/power-stop-z23-brake-kit\/#breadcrumb"},"inLanguage":"en-US","potentialAction":[{"@type":"ReadAction","target":["https:\/\/www.powerstop.com\/es\/product\/power-stop-z23-brake-kit\/"]}]},{"@type":"BreadcrumbList","@id":"https:\/\/www.powerstop.com\/es\/product\/power-stop-z23-brake-kit\/#breadcrumb","itemListElement":[{"@type":"ListItem","position":1,"name":"Home","item":"https:\/\/www.powerstop.com\/es\/"},{"@type":"ListItem","position":2,"name":"KIT"}]}]}},"_links":{"self":[{"href":"https:\/\/www.powerstop.com\/es\/wp-json\/wp\/v2\/product\/21","targetHints":{"allow":["GET"]}}],"collection":[{"href":"https:\/\/www.powerstop.com\/es\/wp-json\/wp\/v2\/product"}],"about":[{"href":"https:\/\/www.powerstop.com\/es\/wp-json\/wp\/v2\/types\/product"}],"wp:attachment":[{"href":"https:\/\/www.powerstop.com\/es\/wp-json\/wp\/v2\/media?parent=21"}],"wp:term":[{"taxonomy":"product_type","embeddable":true,"href":"https:\/\/www.powerstop.com\/es\/wp-json\/wp\/v2\/product_type?post=21"}],"curies":[{"name":"wp","href":"https:\/\/api.w.org\/{rel}","templated":true}]}}