{"id":29235,"date":"2019-08-14T22:41:57","date_gmt":"2019-08-14T22:41:57","guid":{"rendered":"https:\/\/powerstoptsg.wpengine.com\/?post_type=product&#038;p=29235"},"modified":"2025-04-15T10:45:33","modified_gmt":"2025-04-15T15:45:33","slug":"stainless-steel-brake-hoses","status":"publish","type":"product","link":"https:\/\/www.powerstop.com\/es\/product\/stainless-steel-brake-hoses\/","title":{"rendered":"SBH"},"template":"","product_type":[9],"class_list":["post-29235","product","type-product","status-publish","hentry","product_type-brake-hoses"],"acf":[],"yoast_head":"<!-- This site is optimized with the Yoast SEO plugin v17.0 - https:\/\/yoast.com\/wordpress\/plugins\/seo\/ -->\n<title>Mangueras de freno trenzadas y de acero inoxidable | Mejora de rendimiento de frenado<\/title>\n<meta name=\"description\" content=\"Las mangueras de freno trenzadas de acero inoxidable proporcionan una respuesta del pedal m\u00e1s r\u00e1pida, m\u00e1s firme y m\u00e1s uniforme, ya que mantienen una presi\u00f3n de freno m\u00e1s constante.\" \/>\n<meta name=\"robots\" content=\"index, follow, max-snippet:-1, max-image-preview:large, max-video-preview:-1\" \/>\n<link rel=\"canonical\" href=\"https:\/\/www.powerstop.com\/es\/product\/stainless-steel-brake-hoses\/\" \/>\n<meta property=\"og:locale\" content=\"en_US\" \/>\n<meta property=\"og:type\" content=\"article\" \/>\n<meta property=\"og:title\" content=\"Mangueras de freno trenzadas y de acero inoxidable | Mejora de rendimiento de frenado\" \/>\n<meta property=\"og:description\" content=\"Las mangueras de freno trenzadas de acero inoxidable proporcionan una respuesta del pedal m\u00e1s r\u00e1pida, m\u00e1s firme y m\u00e1s uniforme, ya que mantienen una presi\u00f3n de freno m\u00e1s constante.\" \/>\n<meta property=\"og:url\" content=\"https:\/\/www.powerstop.com\/es\/product\/stainless-steel-brake-hoses\/\" \/>\n<meta property=\"og:site_name\" content=\"Power Stop\" \/>\n<meta property=\"article:modified_time\" content=\"2025-04-15T15:45:33+00:00\" \/>\n<meta name=\"twitter:card\" content=\"summary_large_image\" \/>\n<script type=\"application\/ld+json\" class=\"yoast-schema-graph\">{\"@context\":\"https:\/\/schema.org\",\"@graph\":[{\"@type\":\"WebSite\",\"@id\":\"https:\/\/www.powerstop.com\/es\/#website\",\"url\":\"https:\/\/www.powerstop.com\/es\/\",\"name\":\"Power Stop\",\"description\":\"\",\"potentialAction\":[{\"@type\":\"SearchAction\",\"target\":{\"@type\":\"EntryPoint\",\"urlTemplate\":\"https:\/\/www.powerstop.com\/es\/?s={search_term_string}\"},\"query-input\":\"required name=search_term_string\"}],\"inLanguage\":\"en-US\"},{\"@type\":\"WebPage\",\"@id\":\"https:\/\/www.powerstop.com\/es\/product\/stainless-steel-brake-hoses\/#webpage\",\"url\":\"https:\/\/www.powerstop.com\/es\/product\/stainless-steel-brake-hoses\/\",\"name\":\"Mangueras de freno trenzadas y de acero inoxidable | Mejora de rendimiento de frenado\",\"isPartOf\":{\"@id\":\"https:\/\/www.powerstop.com\/es\/#website\"},\"datePublished\":\"2019-08-14T22:41:57+00:00\",\"dateModified\":\"2025-04-15T15:45:33+00:00\",\"description\":\"Las mangueras de freno trenzadas de acero inoxidable proporcionan una respuesta del pedal m\\u00e1s r\\u00e1pida, m\\u00e1s firme y m\\u00e1s uniforme, ya que mantienen una presi\\u00f3n de freno m\\u00e1s constante.\",\"breadcrumb\":{\"@id\":\"https:\/\/www.powerstop.com\/es\/product\/stainless-steel-brake-hoses\/#breadcrumb\"},\"inLanguage\":\"en-US\",\"potentialAction\":[{\"@type\":\"ReadAction\",\"target\":[\"https:\/\/www.powerstop.com\/es\/product\/stainless-steel-brake-hoses\/\"]}]},{\"@type\":\"BreadcrumbList\",\"@id\":\"https:\/\/www.powerstop.com\/es\/product\/stainless-steel-brake-hoses\/#breadcrumb\",\"itemListElement\":[{\"@type\":\"ListItem\",\"position\":1,\"name\":\"Home\",\"item\":\"https:\/\/www.powerstop.com\/es\/\"},{\"@type\":\"ListItem\",\"position\":2,\"name\":\"SBH\"}]}]}<\/script>\n<!-- \/ Yoast SEO plugin. -->","yoast_head_json":{"title":"Mangueras de freno trenzadas y de acero inoxidable | Mejora de rendimiento de frenado","description":"Las mangueras de freno trenzadas de acero inoxidable proporcionan una respuesta del pedal m\u00e1s r\u00e1pida, m\u00e1s firme y m\u00e1s uniforme, ya que mantienen una presi\u00f3n de freno m\u00e1s constante.","robots":{"index":"index","follow":"follow","max-snippet":"max-snippet:-1","max-image-preview":"max-image-preview:large","max-video-preview":"max-video-preview:-1"},"canonical":"https:\/\/www.powerstop.com\/es\/product\/stainless-steel-brake-hoses\/","og_locale":"en_US","og_type":"article","og_title":"Mangueras de freno trenzadas y de acero inoxidable | Mejora de rendimiento de frenado","og_description":"Las mangueras de freno trenzadas de acero inoxidable proporcionan una respuesta del pedal m\u00e1s r\u00e1pida, m\u00e1s firme y m\u00e1s uniforme, ya que mantienen una presi\u00f3n de freno m\u00e1s constante.","og_url":"https:\/\/www.powerstop.com\/es\/product\/stainless-steel-brake-hoses\/","og_site_name":"Power Stop","article_modified_time":"2025-04-15T15:45:33+00:00","twitter_card":"summary_large_image","schema":{"@context":"https:\/\/schema.org","@graph":[{"@type":"WebSite","@id":"https:\/\/www.powerstop.com\/es\/#website","url":"https:\/\/www.powerstop.com\/es\/","name":"Power Stop","description":"","potentialAction":[{"@type":"SearchAction","target":{"@type":"EntryPoint","urlTemplate":"https:\/\/www.powerstop.com\/es\/?s={search_term_string}"},"query-input":"required name=search_term_string"}],"inLanguage":"en-US"},{"@type":"WebPage","@id":"https:\/\/www.powerstop.com\/es\/product\/stainless-steel-brake-hoses\/#webpage","url":"https:\/\/www.powerstop.com\/es\/product\/stainless-steel-brake-hoses\/","name":"Mangueras de freno trenzadas y de acero inoxidable | Mejora de rendimiento de frenado","isPartOf":{"@id":"https:\/\/www.powerstop.com\/es\/#website"},"datePublished":"2019-08-14T22:41:57+00:00","dateModified":"2025-04-15T15:45:33+00:00","description":"Las mangueras de freno trenzadas de acero inoxidable proporcionan una respuesta del pedal m\u00e1s r\u00e1pida, m\u00e1s firme y m\u00e1s uniforme, ya que mantienen una presi\u00f3n de freno m\u00e1s constante.","breadcrumb":{"@id":"https:\/\/www.powerstop.com\/es\/product\/stainless-steel-brake-hoses\/#breadcrumb"},"inLanguage":"en-US","potentialAction":[{"@type":"ReadAction","target":["https:\/\/www.powerstop.com\/es\/product\/stainless-steel-brake-hoses\/"]}]},{"@type":"BreadcrumbList","@id":"https:\/\/www.powerstop.com\/es\/product\/stainless-steel-brake-hoses\/#breadcrumb","itemListElement":[{"@type":"ListItem","position":1,"name":"Home","item":"https:\/\/www.powerstop.com\/es\/"},{"@type":"ListItem","position":2,"name":"SBH"}]}]}},"_links":{"self":[{"href":"https:\/\/www.powerstop.com\/es\/wp-json\/wp\/v2\/product\/29235","targetHints":{"allow":["GET"]}}],"collection":[{"href":"https:\/\/www.powerstop.com\/es\/wp-json\/wp\/v2\/product"}],"about":[{"href":"https:\/\/www.powerstop.com\/es\/wp-json\/wp\/v2\/types\/product"}],"wp:attachment":[{"href":"https:\/\/www.powerstop.com\/es\/wp-json\/wp\/v2\/media?parent=29235"}],"wp:term":[{"taxonomy":"product_type","embeddable":true,"href":"https:\/\/www.powerstop.com\/es\/wp-json\/wp\/v2\/product_type?post=29235"}],"curies":[{"name":"wp","href":"https:\/\/api.w.org\/{rel}","templated":true}]}}