{"id":59,"date":"2019-07-02T22:07:02","date_gmt":"2019-07-02T22:07:02","guid":{"rendered":"https:\/\/powerstoptsg.wpengine.com\/?post_type=product&#038;p=59"},"modified":"2021-06-30T16:26:26","modified_gmt":"2021-06-30T21:26:26","slug":"power-stop-autospecialty-stock-brake-kit","status":"publish","type":"product","link":"https:\/\/www.powerstop.com\/es\/product\/power-stop-autospecialty-stock-brake-kit\/","title":{"rendered":"OEK"},"template":"","product_type":[3],"class_list":["post-59","product","type-product","status-publish","hentry","product_type-brake-kits"],"acf":[],"yoast_head":"<!-- This site is optimized with the Yoast SEO plugin v17.0 - https:\/\/yoast.com\/wordpress\/plugins\/seo\/ -->\n<title>Kits de frenos de repuesto para equipos originales PowerStop | PowerStop<\/title>\n<meta name=\"description\" content=\"Los kits de frenos de repuesto para equipos originales PowerStop son una soluci\u00f3n asequible y f\u00e1cil para lograr un mejor frenado. El kit incluye pastillas de cer\u00e1mica y discos de alto rendimiento.\" \/>\n<meta name=\"robots\" content=\"index, follow, max-snippet:-1, max-image-preview:large, max-video-preview:-1\" \/>\n<link rel=\"canonical\" href=\"https:\/\/www.powerstop.com\/es\/product\/power-stop-autospecialty-stock-brake-kit\/\" \/>\n<meta property=\"og:locale\" content=\"en_US\" \/>\n<meta property=\"og:type\" content=\"article\" \/>\n<meta property=\"og:title\" content=\"Kits de frenos de repuesto para equipos originales PowerStop | PowerStop\" \/>\n<meta property=\"og:description\" content=\"Los kits de frenos de repuesto para equipos originales PowerStop son una soluci\u00f3n asequible y f\u00e1cil para lograr un mejor frenado. El kit incluye pastillas de cer\u00e1mica y discos de alto rendimiento.\" \/>\n<meta property=\"og:url\" content=\"https:\/\/www.powerstop.com\/es\/product\/power-stop-autospecialty-stock-brake-kit\/\" \/>\n<meta property=\"og:site_name\" content=\"Power Stop\" \/>\n<meta property=\"article:modified_time\" content=\"2021-06-30T21:26:26+00:00\" \/>\n<meta name=\"twitter:card\" content=\"summary_large_image\" \/>\n<script type=\"application\/ld+json\" class=\"yoast-schema-graph\">{\"@context\":\"https:\/\/schema.org\",\"@graph\":[{\"@type\":\"WebSite\",\"@id\":\"https:\/\/www.powerstop.com\/es\/#website\",\"url\":\"https:\/\/www.powerstop.com\/es\/\",\"name\":\"Power Stop\",\"description\":\"\",\"potentialAction\":[{\"@type\":\"SearchAction\",\"target\":{\"@type\":\"EntryPoint\",\"urlTemplate\":\"https:\/\/www.powerstop.com\/es\/?s={search_term_string}\"},\"query-input\":\"required name=search_term_string\"}],\"inLanguage\":\"en-US\"},{\"@type\":\"WebPage\",\"@id\":\"https:\/\/www.powerstop.com\/es\/product\/power-stop-autospecialty-stock-brake-kit\/#webpage\",\"url\":\"https:\/\/www.powerstop.com\/es\/product\/power-stop-autospecialty-stock-brake-kit\/\",\"name\":\"Kits de frenos de repuesto para equipos originales PowerStop | PowerStop\",\"isPartOf\":{\"@id\":\"https:\/\/www.powerstop.com\/es\/#website\"},\"datePublished\":\"2019-07-02T22:07:02+00:00\",\"dateModified\":\"2021-06-30T21:26:26+00:00\",\"description\":\"Los kits de frenos de repuesto para equipos originales PowerStop son una soluci\\u00f3n asequible y f\\u00e1cil para lograr un mejor frenado. El kit incluye pastillas de cer\\u00e1mica y discos de alto rendimiento.\",\"breadcrumb\":{\"@id\":\"https:\/\/www.powerstop.com\/es\/product\/power-stop-autospecialty-stock-brake-kit\/#breadcrumb\"},\"inLanguage\":\"en-US\",\"potentialAction\":[{\"@type\":\"ReadAction\",\"target\":[\"https:\/\/www.powerstop.com\/es\/product\/power-stop-autospecialty-stock-brake-kit\/\"]}]},{\"@type\":\"BreadcrumbList\",\"@id\":\"https:\/\/www.powerstop.com\/es\/product\/power-stop-autospecialty-stock-brake-kit\/#breadcrumb\",\"itemListElement\":[{\"@type\":\"ListItem\",\"position\":1,\"name\":\"Home\",\"item\":\"https:\/\/www.powerstop.com\/es\/\"},{\"@type\":\"ListItem\",\"position\":2,\"name\":\"OEK\"}]}]}<\/script>\n<!-- \/ Yoast SEO plugin. -->","yoast_head_json":{"title":"Kits de frenos de repuesto para equipos originales PowerStop | PowerStop","description":"Los kits de frenos de repuesto para equipos originales PowerStop son una soluci\u00f3n asequible y f\u00e1cil para lograr un mejor frenado. El kit incluye pastillas de cer\u00e1mica y discos de alto rendimiento.","robots":{"index":"index","follow":"follow","max-snippet":"max-snippet:-1","max-image-preview":"max-image-preview:large","max-video-preview":"max-video-preview:-1"},"canonical":"https:\/\/www.powerstop.com\/es\/product\/power-stop-autospecialty-stock-brake-kit\/","og_locale":"en_US","og_type":"article","og_title":"Kits de frenos de repuesto para equipos originales PowerStop | PowerStop","og_description":"Los kits de frenos de repuesto para equipos originales PowerStop son una soluci\u00f3n asequible y f\u00e1cil para lograr un mejor frenado. El kit incluye pastillas de cer\u00e1mica y discos de alto rendimiento.","og_url":"https:\/\/www.powerstop.com\/es\/product\/power-stop-autospecialty-stock-brake-kit\/","og_site_name":"Power Stop","article_modified_time":"2021-06-30T21:26:26+00:00","twitter_card":"summary_large_image","schema":{"@context":"https:\/\/schema.org","@graph":[{"@type":"WebSite","@id":"https:\/\/www.powerstop.com\/es\/#website","url":"https:\/\/www.powerstop.com\/es\/","name":"Power Stop","description":"","potentialAction":[{"@type":"SearchAction","target":{"@type":"EntryPoint","urlTemplate":"https:\/\/www.powerstop.com\/es\/?s={search_term_string}"},"query-input":"required name=search_term_string"}],"inLanguage":"en-US"},{"@type":"WebPage","@id":"https:\/\/www.powerstop.com\/es\/product\/power-stop-autospecialty-stock-brake-kit\/#webpage","url":"https:\/\/www.powerstop.com\/es\/product\/power-stop-autospecialty-stock-brake-kit\/","name":"Kits de frenos de repuesto para equipos originales PowerStop | PowerStop","isPartOf":{"@id":"https:\/\/www.powerstop.com\/es\/#website"},"datePublished":"2019-07-02T22:07:02+00:00","dateModified":"2021-06-30T21:26:26+00:00","description":"Los kits de frenos de repuesto para equipos originales PowerStop son una soluci\u00f3n asequible y f\u00e1cil para lograr un mejor frenado. El kit incluye pastillas de cer\u00e1mica y discos de alto rendimiento.","breadcrumb":{"@id":"https:\/\/www.powerstop.com\/es\/product\/power-stop-autospecialty-stock-brake-kit\/#breadcrumb"},"inLanguage":"en-US","potentialAction":[{"@type":"ReadAction","target":["https:\/\/www.powerstop.com\/es\/product\/power-stop-autospecialty-stock-brake-kit\/"]}]},{"@type":"BreadcrumbList","@id":"https:\/\/www.powerstop.com\/es\/product\/power-stop-autospecialty-stock-brake-kit\/#breadcrumb","itemListElement":[{"@type":"ListItem","position":1,"name":"Home","item":"https:\/\/www.powerstop.com\/es\/"},{"@type":"ListItem","position":2,"name":"OEK"}]}]}},"_links":{"self":[{"href":"https:\/\/www.powerstop.com\/es\/wp-json\/wp\/v2\/product\/59","targetHints":{"allow":["GET"]}}],"collection":[{"href":"https:\/\/www.powerstop.com\/es\/wp-json\/wp\/v2\/product"}],"about":[{"href":"https:\/\/www.powerstop.com\/es\/wp-json\/wp\/v2\/types\/product"}],"wp:attachment":[{"href":"https:\/\/www.powerstop.com\/es\/wp-json\/wp\/v2\/media?parent=59"}],"wp:term":[{"taxonomy":"product_type","embeddable":true,"href":"https:\/\/www.powerstop.com\/es\/wp-json\/wp\/v2\/product_type?post=59"}],"curies":[{"name":"wp","href":"https:\/\/api.w.org\/{rel}","templated":true}]}}