{"id":61,"date":"2019-07-02T22:10:38","date_gmt":"2019-07-02T22:10:38","guid":{"rendered":"https:\/\/powerstoptsg.wpengine.com\/?post_type=product&#038;p=61"},"modified":"2021-06-30T15:17:22","modified_gmt":"2021-06-30T20:17:22","slug":"power-stop-autospecialty-stock-replacement-brake-kit-calipers","status":"publish","type":"product","link":"https:\/\/www.powerstop.com\/es\/product\/power-stop-autospecialty-stock-replacement-brake-kit-calipers\/","title":{"rendered":"KCO"},"template":"","product_type":[6],"class_list":["post-61","product","type-product","status-publish","hentry","product_type-caliper-kits"],"acf":[],"yoast_head":"<!-- This site is optimized with the Yoast SEO plugin v17.0 - https:\/\/yoast.com\/wordpress\/plugins\/seo\/ -->\n<title>Pastilla de repuesto de original - Kit de freno con disco y mordaza | PowerStop<\/title>\n<meta name=\"description\" content=\"Repuesto de original: discos, mordazas y pastillas de freno de cer\u00e1mica de alto rendimiento. Esta combinaci\u00f3n permite un frenado m\u00e1s efectivo y m\u00e1s limpio, silencioso y sin polvo.\" \/>\n<meta name=\"robots\" content=\"index, follow, max-snippet:-1, max-image-preview:large, max-video-preview:-1\" \/>\n<link rel=\"canonical\" href=\"https:\/\/www.powerstop.com\/es\/product\/power-stop-autospecialty-stock-replacement-brake-kit-calipers\/\" \/>\n<meta property=\"og:locale\" content=\"en_US\" \/>\n<meta property=\"og:type\" content=\"article\" \/>\n<meta property=\"og:title\" content=\"Pastilla de repuesto de original - Kit de freno con disco y mordaza | PowerStop\" \/>\n<meta property=\"og:description\" content=\"Repuesto de original: discos, mordazas y pastillas de freno de cer\u00e1mica de alto rendimiento. Esta combinaci\u00f3n permite un frenado m\u00e1s efectivo y m\u00e1s limpio, silencioso y sin polvo.\" \/>\n<meta property=\"og:url\" content=\"https:\/\/www.powerstop.com\/es\/product\/power-stop-autospecialty-stock-replacement-brake-kit-calipers\/\" \/>\n<meta property=\"og:site_name\" content=\"Power Stop\" \/>\n<meta property=\"article:modified_time\" content=\"2021-06-30T20:17:22+00:00\" \/>\n<meta name=\"twitter:card\" content=\"summary_large_image\" \/>\n<script type=\"application\/ld+json\" class=\"yoast-schema-graph\">{\"@context\":\"https:\/\/schema.org\",\"@graph\":[{\"@type\":\"WebSite\",\"@id\":\"https:\/\/www.powerstop.com\/es\/#website\",\"url\":\"https:\/\/www.powerstop.com\/es\/\",\"name\":\"Power Stop\",\"description\":\"\",\"potentialAction\":[{\"@type\":\"SearchAction\",\"target\":{\"@type\":\"EntryPoint\",\"urlTemplate\":\"https:\/\/www.powerstop.com\/es\/?s={search_term_string}\"},\"query-input\":\"required name=search_term_string\"}],\"inLanguage\":\"en-US\"},{\"@type\":\"WebPage\",\"@id\":\"https:\/\/www.powerstop.com\/es\/product\/power-stop-autospecialty-stock-replacement-brake-kit-calipers\/#webpage\",\"url\":\"https:\/\/www.powerstop.com\/es\/product\/power-stop-autospecialty-stock-replacement-brake-kit-calipers\/\",\"name\":\"Pastilla de repuesto de original - Kit de freno con disco y mordaza | PowerStop\",\"isPartOf\":{\"@id\":\"https:\/\/www.powerstop.com\/es\/#website\"},\"datePublished\":\"2019-07-02T22:10:38+00:00\",\"dateModified\":\"2021-06-30T20:17:22+00:00\",\"description\":\"Repuesto de original: discos, mordazas y pastillas de freno de cer\\u00e1mica de alto rendimiento. Esta combinaci\\u00f3n permite un frenado m\\u00e1s efectivo y m\\u00e1s limpio, silencioso y sin polvo.\",\"breadcrumb\":{\"@id\":\"https:\/\/www.powerstop.com\/es\/product\/power-stop-autospecialty-stock-replacement-brake-kit-calipers\/#breadcrumb\"},\"inLanguage\":\"en-US\",\"potentialAction\":[{\"@type\":\"ReadAction\",\"target\":[\"https:\/\/www.powerstop.com\/es\/product\/power-stop-autospecialty-stock-replacement-brake-kit-calipers\/\"]}]},{\"@type\":\"BreadcrumbList\",\"@id\":\"https:\/\/www.powerstop.com\/es\/product\/power-stop-autospecialty-stock-replacement-brake-kit-calipers\/#breadcrumb\",\"itemListElement\":[{\"@type\":\"ListItem\",\"position\":1,\"name\":\"Home\",\"item\":\"https:\/\/www.powerstop.com\/es\/\"},{\"@type\":\"ListItem\",\"position\":2,\"name\":\"KCO\"}]}]}<\/script>\n<!-- \/ Yoast SEO plugin. -->","yoast_head_json":{"title":"Pastilla de repuesto de original - Kit de freno con disco y mordaza | PowerStop","description":"Repuesto de original: discos, mordazas y pastillas de freno de cer\u00e1mica de alto rendimiento. Esta combinaci\u00f3n permite un frenado m\u00e1s efectivo y m\u00e1s limpio, silencioso y sin polvo.","robots":{"index":"index","follow":"follow","max-snippet":"max-snippet:-1","max-image-preview":"max-image-preview:large","max-video-preview":"max-video-preview:-1"},"canonical":"https:\/\/www.powerstop.com\/es\/product\/power-stop-autospecialty-stock-replacement-brake-kit-calipers\/","og_locale":"en_US","og_type":"article","og_title":"Pastilla de repuesto de original - Kit de freno con disco y mordaza | PowerStop","og_description":"Repuesto de original: discos, mordazas y pastillas de freno de cer\u00e1mica de alto rendimiento. Esta combinaci\u00f3n permite un frenado m\u00e1s efectivo y m\u00e1s limpio, silencioso y sin polvo.","og_url":"https:\/\/www.powerstop.com\/es\/product\/power-stop-autospecialty-stock-replacement-brake-kit-calipers\/","og_site_name":"Power Stop","article_modified_time":"2021-06-30T20:17:22+00:00","twitter_card":"summary_large_image","schema":{"@context":"https:\/\/schema.org","@graph":[{"@type":"WebSite","@id":"https:\/\/www.powerstop.com\/es\/#website","url":"https:\/\/www.powerstop.com\/es\/","name":"Power Stop","description":"","potentialAction":[{"@type":"SearchAction","target":{"@type":"EntryPoint","urlTemplate":"https:\/\/www.powerstop.com\/es\/?s={search_term_string}"},"query-input":"required name=search_term_string"}],"inLanguage":"en-US"},{"@type":"WebPage","@id":"https:\/\/www.powerstop.com\/es\/product\/power-stop-autospecialty-stock-replacement-brake-kit-calipers\/#webpage","url":"https:\/\/www.powerstop.com\/es\/product\/power-stop-autospecialty-stock-replacement-brake-kit-calipers\/","name":"Pastilla de repuesto de original - Kit de freno con disco y mordaza | PowerStop","isPartOf":{"@id":"https:\/\/www.powerstop.com\/es\/#website"},"datePublished":"2019-07-02T22:10:38+00:00","dateModified":"2021-06-30T20:17:22+00:00","description":"Repuesto de original: discos, mordazas y pastillas de freno de cer\u00e1mica de alto rendimiento. Esta combinaci\u00f3n permite un frenado m\u00e1s efectivo y m\u00e1s limpio, silencioso y sin polvo.","breadcrumb":{"@id":"https:\/\/www.powerstop.com\/es\/product\/power-stop-autospecialty-stock-replacement-brake-kit-calipers\/#breadcrumb"},"inLanguage":"en-US","potentialAction":[{"@type":"ReadAction","target":["https:\/\/www.powerstop.com\/es\/product\/power-stop-autospecialty-stock-replacement-brake-kit-calipers\/"]}]},{"@type":"BreadcrumbList","@id":"https:\/\/www.powerstop.com\/es\/product\/power-stop-autospecialty-stock-replacement-brake-kit-calipers\/#breadcrumb","itemListElement":[{"@type":"ListItem","position":1,"name":"Home","item":"https:\/\/www.powerstop.com\/es\/"},{"@type":"ListItem","position":2,"name":"KCO"}]}]}},"_links":{"self":[{"href":"https:\/\/www.powerstop.com\/es\/wp-json\/wp\/v2\/product\/61","targetHints":{"allow":["GET"]}}],"collection":[{"href":"https:\/\/www.powerstop.com\/es\/wp-json\/wp\/v2\/product"}],"about":[{"href":"https:\/\/www.powerstop.com\/es\/wp-json\/wp\/v2\/types\/product"}],"wp:attachment":[{"href":"https:\/\/www.powerstop.com\/es\/wp-json\/wp\/v2\/media?parent=61"}],"wp:term":[{"taxonomy":"product_type","embeddable":true,"href":"https:\/\/www.powerstop.com\/es\/wp-json\/wp\/v2\/product_type?post=61"}],"curies":[{"name":"wp","href":"https:\/\/api.w.org\/{rel}","templated":true}]}}