{"id":67,"date":"2019-07-02T22:31:15","date_gmt":"2019-07-02T22:31:15","guid":{"rendered":"https:\/\/powerstoptsg.wpengine.com\/?post_type=product&#038;p=67"},"modified":"2021-06-30T16:02:34","modified_gmt":"2021-06-30T21:02:34","slug":"power-stop-z16-evolution-brake-pads","status":"publish","type":"product","link":"https:\/\/www.powerstop.com\/es\/product\/power-stop-z16-evolution-brake-pads\/","title":{"rendered":"Z16"},"template":"","product_type":[2],"class_list":["post-67","product","type-product","status-publish","hentry","product_type-brake-pads"],"acf":[],"yoast_head":"<!-- This site is optimized with the Yoast SEO plugin v17.0 - https:\/\/yoast.com\/wordpress\/plugins\/seo\/ -->\n<title>Pastillas de freno de cer\u00e1mica Z16 | Pastillas para ruedas limpias | PowerStop<\/title>\n<meta name=\"description\" content=\"Las pastillas de freno de cer\u00e1mica de alta calidad Z16 est\u00e1n dise\u00f1adas para un frenado sin ruido con placas de ajuste de goma de doble capa que ofrecen una reducci\u00f3n del ruido 6 veces mayor que el acero corriente.\" \/>\n<meta name=\"robots\" content=\"index, follow, max-snippet:-1, max-image-preview:large, max-video-preview:-1\" \/>\n<link rel=\"canonical\" href=\"https:\/\/www.powerstop.com\/es\/product\/power-stop-z16-evolution-brake-pads\/\" \/>\n<meta property=\"og:locale\" content=\"en_US\" \/>\n<meta property=\"og:type\" content=\"article\" \/>\n<meta property=\"og:title\" content=\"Pastillas de freno de cer\u00e1mica Z16 | Pastillas para ruedas limpias | PowerStop\" \/>\n<meta property=\"og:description\" content=\"Las pastillas de freno de cer\u00e1mica de alta calidad Z16 est\u00e1n dise\u00f1adas para un frenado sin ruido con placas de ajuste de goma de doble capa que ofrecen una reducci\u00f3n del ruido 6 veces mayor que el acero corriente.\" \/>\n<meta property=\"og:url\" content=\"https:\/\/www.powerstop.com\/es\/product\/power-stop-z16-evolution-brake-pads\/\" \/>\n<meta property=\"og:site_name\" content=\"Power Stop\" \/>\n<meta property=\"article:modified_time\" content=\"2021-06-30T21:02:34+00:00\" \/>\n<meta name=\"twitter:card\" content=\"summary_large_image\" \/>\n<script type=\"application\/ld+json\" class=\"yoast-schema-graph\">{\"@context\":\"https:\/\/schema.org\",\"@graph\":[{\"@type\":\"WebSite\",\"@id\":\"https:\/\/www.powerstop.com\/es\/#website\",\"url\":\"https:\/\/www.powerstop.com\/es\/\",\"name\":\"Power Stop\",\"description\":\"\",\"potentialAction\":[{\"@type\":\"SearchAction\",\"target\":{\"@type\":\"EntryPoint\",\"urlTemplate\":\"https:\/\/www.powerstop.com\/es\/?s={search_term_string}\"},\"query-input\":\"required name=search_term_string\"}],\"inLanguage\":\"en-US\"},{\"@type\":\"WebPage\",\"@id\":\"https:\/\/www.powerstop.com\/es\/product\/power-stop-z16-evolution-brake-pads\/#webpage\",\"url\":\"https:\/\/www.powerstop.com\/es\/product\/power-stop-z16-evolution-brake-pads\/\",\"name\":\"Pastillas de freno de cer\\u00e1mica Z16 | Pastillas para ruedas limpias | PowerStop\",\"isPartOf\":{\"@id\":\"https:\/\/www.powerstop.com\/es\/#website\"},\"datePublished\":\"2019-07-02T22:31:15+00:00\",\"dateModified\":\"2021-06-30T21:02:34+00:00\",\"description\":\"Las pastillas de freno de cer\\u00e1mica de alta calidad Z16 est\\u00e1n dise\\u00f1adas para un frenado sin ruido con placas de ajuste de goma de doble capa que ofrecen una reducci\\u00f3n del ruido 6 veces mayor que el acero corriente.\",\"breadcrumb\":{\"@id\":\"https:\/\/www.powerstop.com\/es\/product\/power-stop-z16-evolution-brake-pads\/#breadcrumb\"},\"inLanguage\":\"en-US\",\"potentialAction\":[{\"@type\":\"ReadAction\",\"target\":[\"https:\/\/www.powerstop.com\/es\/product\/power-stop-z16-evolution-brake-pads\/\"]}]},{\"@type\":\"BreadcrumbList\",\"@id\":\"https:\/\/www.powerstop.com\/es\/product\/power-stop-z16-evolution-brake-pads\/#breadcrumb\",\"itemListElement\":[{\"@type\":\"ListItem\",\"position\":1,\"name\":\"Home\",\"item\":\"https:\/\/www.powerstop.com\/es\/\"},{\"@type\":\"ListItem\",\"position\":2,\"name\":\"Z16\"}]}]}<\/script>\n<!-- \/ Yoast SEO plugin. -->","yoast_head_json":{"title":"Pastillas de freno de cer\u00e1mica Z16 | Pastillas para ruedas limpias | PowerStop","description":"Las pastillas de freno de cer\u00e1mica de alta calidad Z16 est\u00e1n dise\u00f1adas para un frenado sin ruido con placas de ajuste de goma de doble capa que ofrecen una reducci\u00f3n del ruido 6 veces mayor que el acero corriente.","robots":{"index":"index","follow":"follow","max-snippet":"max-snippet:-1","max-image-preview":"max-image-preview:large","max-video-preview":"max-video-preview:-1"},"canonical":"https:\/\/www.powerstop.com\/es\/product\/power-stop-z16-evolution-brake-pads\/","og_locale":"en_US","og_type":"article","og_title":"Pastillas de freno de cer\u00e1mica Z16 | Pastillas para ruedas limpias | PowerStop","og_description":"Las pastillas de freno de cer\u00e1mica de alta calidad Z16 est\u00e1n dise\u00f1adas para un frenado sin ruido con placas de ajuste de goma de doble capa que ofrecen una reducci\u00f3n del ruido 6 veces mayor que el acero corriente.","og_url":"https:\/\/www.powerstop.com\/es\/product\/power-stop-z16-evolution-brake-pads\/","og_site_name":"Power Stop","article_modified_time":"2021-06-30T21:02:34+00:00","twitter_card":"summary_large_image","schema":{"@context":"https:\/\/schema.org","@graph":[{"@type":"WebSite","@id":"https:\/\/www.powerstop.com\/es\/#website","url":"https:\/\/www.powerstop.com\/es\/","name":"Power Stop","description":"","potentialAction":[{"@type":"SearchAction","target":{"@type":"EntryPoint","urlTemplate":"https:\/\/www.powerstop.com\/es\/?s={search_term_string}"},"query-input":"required name=search_term_string"}],"inLanguage":"en-US"},{"@type":"WebPage","@id":"https:\/\/www.powerstop.com\/es\/product\/power-stop-z16-evolution-brake-pads\/#webpage","url":"https:\/\/www.powerstop.com\/es\/product\/power-stop-z16-evolution-brake-pads\/","name":"Pastillas de freno de cer\u00e1mica Z16 | Pastillas para ruedas limpias | PowerStop","isPartOf":{"@id":"https:\/\/www.powerstop.com\/es\/#website"},"datePublished":"2019-07-02T22:31:15+00:00","dateModified":"2021-06-30T21:02:34+00:00","description":"Las pastillas de freno de cer\u00e1mica de alta calidad Z16 est\u00e1n dise\u00f1adas para un frenado sin ruido con placas de ajuste de goma de doble capa que ofrecen una reducci\u00f3n del ruido 6 veces mayor que el acero corriente.","breadcrumb":{"@id":"https:\/\/www.powerstop.com\/es\/product\/power-stop-z16-evolution-brake-pads\/#breadcrumb"},"inLanguage":"en-US","potentialAction":[{"@type":"ReadAction","target":["https:\/\/www.powerstop.com\/es\/product\/power-stop-z16-evolution-brake-pads\/"]}]},{"@type":"BreadcrumbList","@id":"https:\/\/www.powerstop.com\/es\/product\/power-stop-z16-evolution-brake-pads\/#breadcrumb","itemListElement":[{"@type":"ListItem","position":1,"name":"Home","item":"https:\/\/www.powerstop.com\/es\/"},{"@type":"ListItem","position":2,"name":"Z16"}]}]}},"_links":{"self":[{"href":"https:\/\/www.powerstop.com\/es\/wp-json\/wp\/v2\/product\/67","targetHints":{"allow":["GET"]}}],"collection":[{"href":"https:\/\/www.powerstop.com\/es\/wp-json\/wp\/v2\/product"}],"about":[{"href":"https:\/\/www.powerstop.com\/es\/wp-json\/wp\/v2\/types\/product"}],"wp:attachment":[{"href":"https:\/\/www.powerstop.com\/es\/wp-json\/wp\/v2\/media?parent=67"}],"wp:term":[{"taxonomy":"product_type","embeddable":true,"href":"https:\/\/www.powerstop.com\/es\/wp-json\/wp\/v2\/product_type?post=67"}],"curies":[{"name":"wp","href":"https:\/\/api.w.org\/{rel}","templated":true}]}}