{"id":84,"date":"2019-07-08T20:24:59","date_gmt":"2019-07-08T20:24:59","guid":{"rendered":"https:\/\/powerstoptsg.wpengine.com\/?post_type=product&#038;p=84"},"modified":"2021-06-30T15:33:01","modified_gmt":"2021-06-30T20:33:01","slug":"power-stop-track-day-brake-pads","status":"publish","type":"product","link":"https:\/\/www.powerstop.com\/es\/product\/power-stop-track-day-brake-pads\/","title":{"rendered":"PST"},"template":"","product_type":[2,10],"class_list":["post-84","product","type-product","status-publish","hentry","product_type-brake-pads","product_type-track-day"],"acf":[],"yoast_head":"<!-- This site is optimized with the Yoast SEO plugin v17.0 - https:\/\/yoast.com\/wordpress\/plugins\/seo\/ -->\n<title>Pastillas de freno Track Day | Pastillas de freno de alto rendimiento | PowerStop<\/title>\n<meta name=\"description\" content=\"Pastillas de freno Track Day de alto rendimiento, espec\u00edficas para plataformas PowerStop, con dise\u00f1o de ingenier\u00eda para trabajar en conjunto con discos de alto carbono Track Day y brindar una m\u00e1xima potencia de frenado.\" \/>\n<meta name=\"robots\" content=\"index, follow, max-snippet:-1, max-image-preview:large, max-video-preview:-1\" \/>\n<link rel=\"canonical\" href=\"https:\/\/www.powerstop.com\/es\/product\/power-stop-track-day-brake-pads\/\" \/>\n<meta property=\"og:locale\" content=\"en_US\" \/>\n<meta property=\"og:type\" content=\"article\" \/>\n<meta property=\"og:title\" content=\"Pastillas de freno Track Day | Pastillas de freno de alto rendimiento | PowerStop\" \/>\n<meta property=\"og:description\" content=\"Pastillas de freno Track Day de alto rendimiento, espec\u00edficas para plataformas PowerStop, con dise\u00f1o de ingenier\u00eda para trabajar en conjunto con discos de alto carbono Track Day y brindar una m\u00e1xima potencia de frenado.\" \/>\n<meta property=\"og:url\" content=\"https:\/\/www.powerstop.com\/es\/product\/power-stop-track-day-brake-pads\/\" \/>\n<meta property=\"og:site_name\" content=\"Power Stop\" \/>\n<meta property=\"article:modified_time\" content=\"2021-06-30T20:33:01+00:00\" \/>\n<meta name=\"twitter:card\" content=\"summary_large_image\" \/>\n<script type=\"application\/ld+json\" class=\"yoast-schema-graph\">{\"@context\":\"https:\/\/schema.org\",\"@graph\":[{\"@type\":\"WebSite\",\"@id\":\"https:\/\/www.powerstop.com\/es\/#website\",\"url\":\"https:\/\/www.powerstop.com\/es\/\",\"name\":\"Power Stop\",\"description\":\"\",\"potentialAction\":[{\"@type\":\"SearchAction\",\"target\":{\"@type\":\"EntryPoint\",\"urlTemplate\":\"https:\/\/www.powerstop.com\/es\/?s={search_term_string}\"},\"query-input\":\"required name=search_term_string\"}],\"inLanguage\":\"en-US\"},{\"@type\":\"WebPage\",\"@id\":\"https:\/\/www.powerstop.com\/es\/product\/power-stop-track-day-brake-pads\/#webpage\",\"url\":\"https:\/\/www.powerstop.com\/es\/product\/power-stop-track-day-brake-pads\/\",\"name\":\"Pastillas de freno Track Day | Pastillas de freno de alto rendimiento | PowerStop\",\"isPartOf\":{\"@id\":\"https:\/\/www.powerstop.com\/es\/#website\"},\"datePublished\":\"2019-07-08T20:24:59+00:00\",\"dateModified\":\"2021-06-30T20:33:01+00:00\",\"description\":\"Pastillas de freno Track Day de alto rendimiento, espec\\u00edficas para plataformas PowerStop, con dise\\u00f1o de ingenier\\u00eda para trabajar en conjunto con discos de alto carbono Track Day y brindar una m\\u00e1xima potencia de frenado.\",\"breadcrumb\":{\"@id\":\"https:\/\/www.powerstop.com\/es\/product\/power-stop-track-day-brake-pads\/#breadcrumb\"},\"inLanguage\":\"en-US\",\"potentialAction\":[{\"@type\":\"ReadAction\",\"target\":[\"https:\/\/www.powerstop.com\/es\/product\/power-stop-track-day-brake-pads\/\"]}]},{\"@type\":\"BreadcrumbList\",\"@id\":\"https:\/\/www.powerstop.com\/es\/product\/power-stop-track-day-brake-pads\/#breadcrumb\",\"itemListElement\":[{\"@type\":\"ListItem\",\"position\":1,\"name\":\"Home\",\"item\":\"https:\/\/www.powerstop.com\/es\/\"},{\"@type\":\"ListItem\",\"position\":2,\"name\":\"PST\"}]}]}<\/script>\n<!-- \/ Yoast SEO plugin. -->","yoast_head_json":{"title":"Pastillas de freno Track Day | Pastillas de freno de alto rendimiento | PowerStop","description":"Pastillas de freno Track Day de alto rendimiento, espec\u00edficas para plataformas PowerStop, con dise\u00f1o de ingenier\u00eda para trabajar en conjunto con discos de alto carbono Track Day y brindar una m\u00e1xima potencia de frenado.","robots":{"index":"index","follow":"follow","max-snippet":"max-snippet:-1","max-image-preview":"max-image-preview:large","max-video-preview":"max-video-preview:-1"},"canonical":"https:\/\/www.powerstop.com\/es\/product\/power-stop-track-day-brake-pads\/","og_locale":"en_US","og_type":"article","og_title":"Pastillas de freno Track Day | Pastillas de freno de alto rendimiento | PowerStop","og_description":"Pastillas de freno Track Day de alto rendimiento, espec\u00edficas para plataformas PowerStop, con dise\u00f1o de ingenier\u00eda para trabajar en conjunto con discos de alto carbono Track Day y brindar una m\u00e1xima potencia de frenado.","og_url":"https:\/\/www.powerstop.com\/es\/product\/power-stop-track-day-brake-pads\/","og_site_name":"Power Stop","article_modified_time":"2021-06-30T20:33:01+00:00","twitter_card":"summary_large_image","schema":{"@context":"https:\/\/schema.org","@graph":[{"@type":"WebSite","@id":"https:\/\/www.powerstop.com\/es\/#website","url":"https:\/\/www.powerstop.com\/es\/","name":"Power Stop","description":"","potentialAction":[{"@type":"SearchAction","target":{"@type":"EntryPoint","urlTemplate":"https:\/\/www.powerstop.com\/es\/?s={search_term_string}"},"query-input":"required name=search_term_string"}],"inLanguage":"en-US"},{"@type":"WebPage","@id":"https:\/\/www.powerstop.com\/es\/product\/power-stop-track-day-brake-pads\/#webpage","url":"https:\/\/www.powerstop.com\/es\/product\/power-stop-track-day-brake-pads\/","name":"Pastillas de freno Track Day | Pastillas de freno de alto rendimiento | PowerStop","isPartOf":{"@id":"https:\/\/www.powerstop.com\/es\/#website"},"datePublished":"2019-07-08T20:24:59+00:00","dateModified":"2021-06-30T20:33:01+00:00","description":"Pastillas de freno Track Day de alto rendimiento, espec\u00edficas para plataformas PowerStop, con dise\u00f1o de ingenier\u00eda para trabajar en conjunto con discos de alto carbono Track Day y brindar una m\u00e1xima potencia de frenado.","breadcrumb":{"@id":"https:\/\/www.powerstop.com\/es\/product\/power-stop-track-day-brake-pads\/#breadcrumb"},"inLanguage":"en-US","potentialAction":[{"@type":"ReadAction","target":["https:\/\/www.powerstop.com\/es\/product\/power-stop-track-day-brake-pads\/"]}]},{"@type":"BreadcrumbList","@id":"https:\/\/www.powerstop.com\/es\/product\/power-stop-track-day-brake-pads\/#breadcrumb","itemListElement":[{"@type":"ListItem","position":1,"name":"Home","item":"https:\/\/www.powerstop.com\/es\/"},{"@type":"ListItem","position":2,"name":"PST"}]}]}},"_links":{"self":[{"href":"https:\/\/www.powerstop.com\/es\/wp-json\/wp\/v2\/product\/84","targetHints":{"allow":["GET"]}}],"collection":[{"href":"https:\/\/www.powerstop.com\/es\/wp-json\/wp\/v2\/product"}],"about":[{"href":"https:\/\/www.powerstop.com\/es\/wp-json\/wp\/v2\/types\/product"}],"wp:attachment":[{"href":"https:\/\/www.powerstop.com\/es\/wp-json\/wp\/v2\/media?parent=84"}],"wp:term":[{"taxonomy":"product_type","embeddable":true,"href":"https:\/\/www.powerstop.com\/es\/wp-json\/wp\/v2\/product_type?post=84"}],"curies":[{"name":"wp","href":"https:\/\/api.w.org\/{rel}","templated":true}]}}